{"id":76,"date":"2018-07-13T02:53:15","date_gmt":"2018-07-13T00:53:15","guid":{"rendered":"https:\/\/kfz-service-tessmann.de\/?page_id=76"},"modified":"2018-07-13T21:28:30","modified_gmt":"2018-07-13T19:28:30","slug":"impressum","status":"publish","type":"page","link":"https:\/\/kfz-service-tessmann.de\/index.php\/impressum\/","title":{"rendered":"Impressum"},"content":{"rendered":"<p>Betreiber dieser Seite ist<\/p>\n<p>Kfz-Service Te\u00dfmann<br \/>\nInhaber Thomas Te\u00dfmann<br \/>\nLeipziger Stra\u00dfe 3<br \/>\n37296 Ringgau-Datterode<\/p>\n<p>Tel.: 05658 &#8211; 8552<br \/>\nFax: 05658 &#8211; 8332<\/p>\n<p>info@kfz-service-tessmann.de<br \/>\nwww.kfz-service-tessmann.de<\/p>\n<p>Gesch\u00e4ftsf\u00fchrer: Thomas Te\u00dfmann<br \/>\nGesch\u00e4ftsform: Individuell vom Inhaber gef\u00fchrter Handwerksbetrieb<\/p>\n<p>USt-ID: DE 245 624 192<\/p>\n","protected":false},"excerpt":{"rendered":"<p>Betreiber dieser Seite ist Kfz-Service Te\u00dfmann Inhaber Thomas Te\u00dfmann Leipziger Stra\u00dfe 3 37296 Ringgau-Datterode Tel.: 05658 &#8211; 8552 Fax: 05658 &#8211; 8332 info@kfz-service-tessmann.de www.kfz-service-tessmann.de Gesch\u00e4ftsf\u00fchrer: Thomas Te\u00dfmann Gesch\u00e4ftsform: Individuell vom [&hellip;]<\/p>\n","protected":false},"author":1,"featured_media":0,"parent":0,"menu_order":0,"comment_status":"closed","ping_status":"closed","template":"","meta":[],"_links":{"self":[{"href":"https:\/\/kfz-service-tessmann.de\/index.php\/wp-json\/wp\/v2\/pages\/76"}],"collection":[{"href":"https:\/\/kfz-service-tessmann.de\/index.php\/wp-json\/wp\/v2\/pages"}],"about":[{"href":"https:\/\/kfz-service-tessmann.de\/index.php\/wp-json\/wp\/v2\/types\/page"}],"author":[{"embeddable":true,"href":"https:\/\/kfz-service-tessmann.de\/index.php\/wp-json\/wp\/v2\/users\/1"}],"replies":[{"embeddable":true,"href":"https:\/\/kfz-service-tessmann.de\/index.php\/wp-json\/wp\/v2\/comments?post=76"}],"version-history":[{"count":3,"href":"https:\/\/kfz-service-tessmann.de\/index.php\/wp-json\/wp\/v2\/pages\/76\/revisions"}],"predecessor-version":[{"id":294,"href":"https:\/\/kfz-service-tessmann.de\/index.php\/wp-json\/wp\/v2\/pages\/76\/revisions\/294"}],"wp:attachment":[{"href":"https:\/\/kfz-service-tessmann.de\/index.php\/wp-json\/wp\/v2\/media?parent=76"}],"curies":[{"name":"wp","href":"https:\/\/api.w.org\/{rel}","templated":true}]}}