{"id":7,"date":"2018-07-12T20:47:15","date_gmt":"2018-07-12T18:47:15","guid":{"rendered":"https:\/\/kfz-service-tessmann.de\/?page_id=7"},"modified":"2018-07-14T20:08:41","modified_gmt":"2018-07-14T18:08:41","slug":"kontakt","status":"publish","type":"page","link":"https:\/\/kfz-service-tessmann.de\/index.php\/kontakt\/","title":{"rendered":"Kontakt"},"content":{"rendered":"<h3>hier k\u00f6nnen Sie uns schreiben<\/h3>\n<p style=\"text-align: justify;\">Auf dieser Seite k\u00f6nnen Sie uns per EMail eine Nachricht \u00fcbersenden. F\u00fcllen Sie das Formular aus, geben die vorgegebene Zahl ein und dr\u00fccken auf &#8222;Senden&#8220;.<\/p>\n<form id=\"vscf\" class=\"vscf-container\" method=\"post\">\r\n\t<div class=\"form-group vscf-name-group\">\r\n\t\t<label for=\"vscf_name\">Name: <span class=\"vscf-hide\" >Bitte mindestens zwei Zeichen eingeben<\/span><\/label>\r\n\t\t<input type=\"text\" name=\"vscf_name\" id=\"vscf_name\"  class=\"form-control\" value=\"\" aria-required=\"true\" \/>\r\n\t<\/div>\r\n\t<div class=\"form-group vscf-email-group\">\r\n\t\t<label for=\"vscf_email\">E-Mail: <span class=\"vscf-hide\" >Bitte eine g\u00fcltige E-Mail-Adresse eingeben<\/span><\/label>\r\n\t\t<input type=\"email\" name=\"vscf_email\" id=\"vscf_email\"  class=\"form-control\" value=\"\" aria-required=\"true\" \/>\r\n\t<\/div>\r\n\t\r\n\t\t<div class=\"form-group vscf-subject-group\">\r\n\t\t\t<label for=\"vscf_subject\">Betreff: <span class=\"vscf-hide\" >Bitte mindestens zwei Zeichen eingeben<\/span><\/label>\r\n\t\t\t<input type=\"text\" name=\"vscf_subject\" id=\"vscf_subject\"  class=\"form-control\" value=\"\" aria-required=\"true\" \/>\r\n\t\t<\/div>\r\n\t\r\n\t<div class=\"form-group vscf-captcha-group\">\r\n\t\t\r\n\t\t\t<label for=\"vscf_captcha\">Bitte 425 eingeben: <span class=\"vscf-hide\" >Bitte die angezeigte Zahl eingeben<\/span><\/label>\r\n\t\t\r\n\t\t<input type=\"text\" name=\"vscf_captcha\" id=\"vscf_captcha\"  class=\"form-control\" value=\"\" aria-required=\"true\" \/>\r\n\t\t\r\n\t\t\t<input type=\"hidden\" name=\"vscf_captcha_hidden_one\" id=\"vscf_captcha_hidden_one\" value=\"425\" \/>\r\n\t\t\t<input type=\"hidden\" name=\"vscf_captcha_hidden_two\" id=\"vscf_captcha_hidden_two\" value=\"0\" \/>\r\n\t\t\r\n\t<\/div>\r\n\t<div class=\"form-group vscf-hide\">\r\n\t\t<input type=\"text\" name=\"vscf_firstname\" id=\"vscf_firstname\" class=\"form-control\" value=\"\" \/>\r\n\t<\/div>\r\n\t<div class=\"form-group vscf-hide\">\r\n\t\t<input type=\"text\" name=\"vscf_lastname\" id=\"vscf_lastname\" class=\"form-control\" value=\"\" \/>\r\n\t<\/div>\r\n\t<div class=\"form-group vscf-message-group\">\r\n\t\t<label for=\"vscf_message\">Mitteilung: <span class=\"vscf-hide\" >Bitte mindestens zehn Zeichen eingeben<\/span><\/label>\r\n\t\t<textarea name=\"vscf_message\" id=\"vscf_message\" rows=\"10\"  class=\"form-control\" aria-required=\"true\"><\/textarea>\r\n\t<\/div>\r\n\t\r\n\t\t<div class=\"form-group vscf-privacy-group\">\r\n\t\t\t<input type=\"hidden\" name=\"vscf_privacy\" id=\"vscf_privacy_hidden\" value=\"no\" \/>\r\n\t\t\t<input type=\"checkbox\" name=\"vscf_privacy\" id=\"vscf_privacy\" class=\"custom-control-input\" value=\"yes\"  \/>\r\n\t\t\t<label for=\"vscf_privacy\" >Ich bin damit einverstanden, dass die von mir eingegebenen Daten verarbeitet und durch eine unverschl\u00fcsselte Verbindung \u00fcbermittelt werden.<\/label>\r\n\t\t<\/div>\r\n\t\r\n\t<div class=\"form-group vscf-hide\">\r\n\t\t<input type=\"hidden\" id=\"vscf_nonce\" name=\"vscf_nonce\" value=\"c342822bdb\" \/><input type=\"hidden\" name=\"_wp_http_referer\" value=\"\/index.php\/wp-json\/wp\/v2\/pages\/7\" \/>\r\n\t<\/div>\r\n\t<div class=\"form-group vscf-submit-group\">\r\n\t\t<button type=\"submit\" name=\"vscf_send\" id=\"vscf_send\" class=\"btn btn-primary\">Senden<\/button>\r\n\t<\/div>\r\n<\/form>\n<p>Nicht vergessen, den Haken bei der Einverst\u00e4ndniserkl\u00e4rung Datenschutz zu setzen, andernfalls funktioniert die \u00dcbermittlung nicht. Die Eingabe der Zahl soll sicherstellen, dass Sie kein Roboter sind.<\/p>\n<p>Ihr Kfz-Service-Team<\/p>\n<p>&nbsp;<\/p>\n","protected":false},"excerpt":{"rendered":"<p>hier k\u00f6nnen Sie uns schreiben Auf dieser Seite k\u00f6nnen Sie uns per EMail eine Nachricht \u00fcbersenden. F\u00fcllen Sie das Formular aus, geben die vorgegebene Zahl ein und dr\u00fccken auf &#8222;Senden&#8220;. [&hellip;]<\/p>\n","protected":false},"author":1,"featured_media":0,"parent":0,"menu_order":0,"comment_status":"closed","ping_status":"closed","template":"","meta":[],"_links":{"self":[{"href":"https:\/\/kfz-service-tessmann.de\/index.php\/wp-json\/wp\/v2\/pages\/7"}],"collection":[{"href":"https:\/\/kfz-service-tessmann.de\/index.php\/wp-json\/wp\/v2\/pages"}],"about":[{"href":"https:\/\/kfz-service-tessmann.de\/index.php\/wp-json\/wp\/v2\/types\/page"}],"author":[{"embeddable":true,"href":"https:\/\/kfz-service-tessmann.de\/index.php\/wp-json\/wp\/v2\/users\/1"}],"replies":[{"embeddable":true,"href":"https:\/\/kfz-service-tessmann.de\/index.php\/wp-json\/wp\/v2\/comments?post=7"}],"version-history":[{"count":13,"href":"https:\/\/kfz-service-tessmann.de\/index.php\/wp-json\/wp\/v2\/pages\/7\/revisions"}],"predecessor-version":[{"id":428,"href":"https:\/\/kfz-service-tessmann.de\/index.php\/wp-json\/wp\/v2\/pages\/7\/revisions\/428"}],"wp:attachment":[{"href":"https:\/\/kfz-service-tessmann.de\/index.php\/wp-json\/wp\/v2\/media?parent=7"}],"curies":[{"name":"wp","href":"https:\/\/api.w.org\/{rel}","templated":true}]}}