{"id":50,"date":"2018-07-13T02:21:39","date_gmt":"2018-07-13T00:21:39","guid":{"rendered":"https:\/\/kfz-service-tessmann.de\/?page_id=50"},"modified":"2023-03-15T19:03:58","modified_gmt":"2023-03-15T18:03:58","slug":"unsere-leistungen","status":"publish","type":"page","link":"https:\/\/kfz-service-tessmann.de\/index.php\/unsere-leistungen\/","title":{"rendered":"Unsere Leistungen"},"content":{"rendered":"<h4><big>Diese Leistungen erbringen wir f\u00fcr Sie<\/big><\/h4>\n<p style=\"text-align: justify;\">Wir geh\u00f6ren zur Gruppe der Profiservice-Werkst\u00e4tten. Dieser Gruppe geh\u00f6ren alleine in Deutschland 800 Werkst\u00e4tten an, \u00fcber 4.000 mal in Europa &#8211; und daher mit Sicherheit auch einmal auch in Ihrer N\u00e4he. PROFISERVICE WERKSTATT ist ein Full-Service-Werkstattkonzept f\u00fcr freie, unabh\u00e4ngige, inhabergef\u00fchrte Kfz-Betriebe, die sich auf Wartung und Reparatur aller Fahrzeugmarken spezialisiert haben. Unsere Leistungsmerkmale in der \u00dcbersicht:<\/p>\n<p>\t\t\t\t\t\t\t\t\t\t<img decoding=\"async\" src=\"https:\/\/kfz-service-tessmann.de\/wp-content\/uploads\/elementor\/thumbs\/9-nt25ny21k2r9nfneeitnnuy3c04rilwpianyoeuodk.jpg\" title=\"9\" alt=\"9\"><\/p>\n<p style=\"text-align: justify;\">Ihre PSW pr\u00fcft, wartet, repariert und ersetzt Ihre beanspruchten oder verschlissenen Sto\u00dfd\u00e4mpfer.<\/p>\n<p><img decoding=\"async\" src=\"https:\/\/kfz-service-tessmann.de\/wp-content\/uploads\/elementor\/thumbs\/4-nt25nyzvqwsjz1m1918a8cpjxe04qb0fufbg5ota7c.jpg\" title=\"4\" alt=\"4\"><\/p>\n<p style=\"text-align: justify;\">Sowohl&nbsp; die HU, als auch die AU werden bei uns nach den gesetzlichen Bestimmungen durchgef\u00fchrt. Die Vergabe von Pr\u00fcfplaketten inklusive aller Pr\u00fcf- und Messprotokolle durch amtlich bestellte Pr\u00fcfingeneure direkt in unserer Werkstatt.<\/p>\n<p>\t\t\t\t\t\t\t\t\t\t<img decoding=\"async\" src=\"https:\/\/kfz-service-tessmann.de\/wp-content\/uploads\/elementor\/thumbs\/12-nt25o0vk4kv4m9jay21jdc8h45qv5p7wiomf48qhuw.jpg\" title=\"12\" alt=\"12\"><\/p>\n<p style=\"text-align: justify;\">Lassen Sie Ihre Bremsen regelm\u00e4ssig bei Ihrer Profi-Service-Werkstatt pr\u00fcfen ? Nur so sind Sie sicher unterwegs. Wir verf\u00fcgen \u00fcber die M\u00f6glichkeit, die Leistung der Bremsanlage zu messen. Erforderlichenfalls wird die Bremsanlage durch den Einbau hochwertiger Ersatzteile wieder auf Vordermann gebracht.<\/p>\n<p>\t\t\t\t\t\t\t\t\t\t<img decoding=\"async\" src=\"https:\/\/kfz-service-tessmann.de\/wp-content\/uploads\/elementor\/thumbs\/13-nt25o0vk4kv4m9jay21jdc8h45qv5p7wiomf48qhuw.jpg\" title=\"13\" alt=\"13\"><\/p>\n<p style=\"text-align: justify;\">Wir checken die Elektrik und Elektronik Ihres Wagens mit modernsten computer-gest\u00fctzen Testger\u00e4ten.<\/p>\n<p><img decoding=\"async\" src=\"https:\/\/kfz-service-tessmann.de\/wp-content\/uploads\/elementor\/thumbs\/7-nt25nyzvqwsjz1m1918a8cpjxe04qb0fufbg5ota7c.jpg\" title=\"7\" alt=\"7\"><\/p>\n<p style=\"text-align: justify;\">Wir f\u00fchren die Inspektion f\u00fcr Fahrzeufe aller Fahrzeugmarken und Modelle nach den Vorgaben des Herstellers durch. Die Inspektionen werden im Serviceheft dokumentiert.<\/p>\n<p>\t\t\t\t\t\t\t\t\t\t<img decoding=\"async\" src=\"https:\/\/kfz-service-tessmann.de\/wp-content\/uploads\/elementor\/thumbs\/2-nt25o0vk4kv4m9jay21jdc8h45qv5p7wiomf48qhuw.jpg\" title=\"2\" alt=\"2\"><\/p>\n<p style=\"text-align: justify;\">KFZ-Reparatur: Vom Austausch der Auspuffanlage, \u00fcber Inspektionen bis hin zum Austausch von Verschlei\u00dfteilen, der Motor-\u00dcberholung, sind wir f\u00fcr alles da, was an Ihrem Fahrzeug an Defekten oder Sch\u00e4den auftreten kann.<\/p>\n<p>\t\t\t\t\t\t\t\t\t\t<img decoding=\"async\" src=\"https:\/\/kfz-service-tessmann.de\/wp-content\/uploads\/elementor\/thumbs\/15-nt25o0vk4kv4m9jay21jdc8h45qv5p7wiomf48qhuw.jpg\" title=\"15\" alt=\"15\"><\/p>\n<p style=\"text-align: justify;\">Pr\u00fcfen der Bedienfunktion Ihrer Klimaanlage, Kontrolle aller Komponenten wie Kompressor, K\u00fchler, Kondensator und Messung der Ausstr\u00f6mtemperatur.<\/p>\n<p>\t\t\t\t\t\t\t\t\t\t<img decoding=\"async\" src=\"https:\/\/kfz-service-tessmann.de\/wp-content\/uploads\/elementor\/thumbs\/17-nt25o0vk4kv4m9jay21jdc8h45qv5p7wiomf48qhuw.jpg\" title=\"17\" alt=\"17\"><\/p>\n<p style=\"text-align: justify;\">Sofortservice wie Austausch und Wuchten und Reifeneinlagerung von Sommer- und Winterreifen. Zus\u00e4tzlich: Reifen- und Felgenkauf inkl. Montage.<\/p>\n<p>\t\t\t\t\t\t\t\t\t\t<img decoding=\"async\" loading=\"lazy\" width=\"300\" height=\"225\" src=\"https:\/\/kfz-service-tessmann.de\/wp-content\/uploads\/2018\/07\/Schlepp00-300x225.jpg\" alt=\"\" srcset=\"https:\/\/kfz-service-tessmann.de\/wp-content\/uploads\/2018\/07\/Schlepp00-300x225.jpg 300w, https:\/\/kfz-service-tessmann.de\/wp-content\/uploads\/2018\/07\/Schlepp00-768x576.jpg 768w, https:\/\/kfz-service-tessmann.de\/wp-content\/uploads\/2018\/07\/Schlepp00-1024x768.jpg 1024w, https:\/\/kfz-service-tessmann.de\/wp-content\/uploads\/2018\/07\/Schlepp00-360x270.jpg 360w, https:\/\/kfz-service-tessmann.de\/wp-content\/uploads\/2018\/07\/Schlepp00-80x60.jpg 80w\" sizes=\"(max-width: 300px) 100vw, 300px\"><\/p>\n<figure class=\"gallery-item\">\n\t\t\t\t<a data-elementor-open-lightbox=\"no\" data-elementor-lightbox-slideshow=\"89590cb\" href=\"https:\/\/kfz-service-tessmann.de\/wp-content\/uploads\/2018\/07\/9.jpg\"><img decoding=\"async\" loading=\"lazy\" width=\"75\" height=\"75\" src=\"https:\/\/kfz-service-tessmann.de\/wp-content\/uploads\/2018\/07\/9.jpg\" alt=\"\" srcset=\"https:\/\/kfz-service-tessmann.de\/wp-content\/uploads\/2018\/07\/9.jpg 356w, https:\/\/kfz-service-tessmann.de\/wp-content\/uploads\/2018\/07\/9-150x150.jpg 150w, https:\/\/kfz-service-tessmann.de\/wp-content\/uploads\/2018\/07\/9-300x300.jpg 300w\" sizes=\"(max-width: 75px) 100vw, 75px\"><\/a><\/figure>\n<figure class=\"gallery-item\">\n\t\t\t\t<a data-elementor-open-lightbox=\"no\" data-elementor-lightbox-slideshow=\"89590cb\" href=\"https:\/\/kfz-service-tessmann.de\/wp-content\/uploads\/2018\/07\/7.jpg\"><img decoding=\"async\" loading=\"lazy\" width=\"75\" height=\"75\" src=\"https:\/\/kfz-service-tessmann.de\/wp-content\/uploads\/2018\/07\/7.jpg\" alt=\"\" srcset=\"https:\/\/kfz-service-tessmann.de\/wp-content\/uploads\/2018\/07\/7.jpg 356w, https:\/\/kfz-service-tessmann.de\/wp-content\/uploads\/2018\/07\/7-150x150.jpg 150w, https:\/\/kfz-service-tessmann.de\/wp-content\/uploads\/2018\/07\/7-300x300.jpg 300w\" sizes=\"(max-width: 75px) 100vw, 75px\"><\/a><\/figure>\n<figure class=\"gallery-item\">\n\t\t\t\t<a data-elementor-open-lightbox=\"no\" data-elementor-lightbox-slideshow=\"89590cb\" href=\"https:\/\/kfz-service-tessmann.de\/wp-content\/uploads\/2018\/07\/11.jpg\"><img decoding=\"async\" loading=\"lazy\" width=\"75\" height=\"75\" src=\"https:\/\/kfz-service-tessmann.de\/wp-content\/uploads\/2018\/07\/11.jpg\" alt=\"\" srcset=\"https:\/\/kfz-service-tessmann.de\/wp-content\/uploads\/2018\/07\/11.jpg 356w, https:\/\/kfz-service-tessmann.de\/wp-content\/uploads\/2018\/07\/11-150x150.jpg 150w, https:\/\/kfz-service-tessmann.de\/wp-content\/uploads\/2018\/07\/11-300x300.jpg 300w\" sizes=\"(max-width: 75px) 100vw, 75px\"><\/a><\/figure>\n<figure class=\"gallery-item\">\n\t\t\t\t<a data-elementor-open-lightbox=\"no\" data-elementor-lightbox-slideshow=\"89590cb\" href=\"https:\/\/kfz-service-tessmann.de\/wp-content\/uploads\/2018\/07\/12.jpg\"><img decoding=\"async\" loading=\"lazy\" width=\"75\" height=\"75\" src=\"https:\/\/kfz-service-tessmann.de\/wp-content\/uploads\/2018\/07\/12.jpg\" alt=\"\" srcset=\"https:\/\/kfz-service-tessmann.de\/wp-content\/uploads\/2018\/07\/12.jpg 356w, https:\/\/kfz-service-tessmann.de\/wp-content\/uploads\/2018\/07\/12-150x150.jpg 150w, https:\/\/kfz-service-tessmann.de\/wp-content\/uploads\/2018\/07\/12-300x300.jpg 300w\" sizes=\"(max-width: 75px) 100vw, 75px\"><\/a><\/figure>\n<figure class=\"gallery-item\">\n\t\t\t\t<a data-elementor-open-lightbox=\"no\" data-elementor-lightbox-slideshow=\"89590cb\" href=\"https:\/\/kfz-service-tessmann.de\/wp-content\/uploads\/2018\/07\/13.jpg\"><img decoding=\"async\" loading=\"lazy\" width=\"75\" height=\"75\" src=\"https:\/\/kfz-service-tessmann.de\/wp-content\/uploads\/2018\/07\/13.jpg\" alt=\"\" srcset=\"https:\/\/kfz-service-tessmann.de\/wp-content\/uploads\/2018\/07\/13.jpg 356w, https:\/\/kfz-service-tessmann.de\/wp-content\/uploads\/2018\/07\/13-150x150.jpg 150w, https:\/\/kfz-service-tessmann.de\/wp-content\/uploads\/2018\/07\/13-300x300.jpg 300w\" sizes=\"(max-width: 75px) 100vw, 75px\"><\/a><\/figure>\n<figure class=\"gallery-item\">\n\t\t\t\t<a data-elementor-open-lightbox=\"no\" data-elementor-lightbox-slideshow=\"89590cb\" href=\"https:\/\/kfz-service-tessmann.de\/wp-content\/uploads\/2018\/07\/15.jpg\"><img decoding=\"async\" loading=\"lazy\" width=\"75\" height=\"75\" src=\"https:\/\/kfz-service-tessmann.de\/wp-content\/uploads\/2018\/07\/15.jpg\" alt=\"\" srcset=\"https:\/\/kfz-service-tessmann.de\/wp-content\/uploads\/2018\/07\/15.jpg 358w, https:\/\/kfz-service-tessmann.de\/wp-content\/uploads\/2018\/07\/15-150x150.jpg 150w, https:\/\/kfz-service-tessmann.de\/wp-content\/uploads\/2018\/07\/15-300x300.jpg 300w\" sizes=\"(max-width: 75px) 100vw, 75px\"><\/a><\/figure>\n<figure class=\"gallery-item\">\n\t\t\t\t<a data-elementor-open-lightbox=\"no\" data-elementor-lightbox-slideshow=\"89590cb\" href=\"https:\/\/kfz-service-tessmann.de\/wp-content\/uploads\/2018\/07\/17.jpg\"><img decoding=\"async\" loading=\"lazy\" width=\"75\" height=\"75\" src=\"https:\/\/kfz-service-tessmann.de\/wp-content\/uploads\/2018\/07\/17.jpg\" alt=\"\" srcset=\"https:\/\/kfz-service-tessmann.de\/wp-content\/uploads\/2018\/07\/17.jpg 356w, https:\/\/kfz-service-tessmann.de\/wp-content\/uploads\/2018\/07\/17-150x150.jpg 150w, https:\/\/kfz-service-tessmann.de\/wp-content\/uploads\/2018\/07\/17-300x300.jpg 300w\" sizes=\"(max-width: 75px) 100vw, 75px\"><\/a><\/figure>\n<figure class=\"gallery-item\">\n\t\t\t\t<a data-elementor-open-lightbox=\"no\" data-elementor-lightbox-slideshow=\"89590cb\" href=\"https:\/\/kfz-service-tessmann.de\/wp-content\/uploads\/2018\/07\/2.jpg\"><img decoding=\"async\" loading=\"lazy\" width=\"75\" height=\"75\" src=\"https:\/\/kfz-service-tessmann.de\/wp-content\/uploads\/2018\/07\/2.jpg\" alt=\"\" srcset=\"https:\/\/kfz-service-tessmann.de\/wp-content\/uploads\/2018\/07\/2.jpg 356w, https:\/\/kfz-service-tessmann.de\/wp-content\/uploads\/2018\/07\/2-150x150.jpg 150w, https:\/\/kfz-service-tessmann.de\/wp-content\/uploads\/2018\/07\/2-300x300.jpg 300w\" sizes=\"(max-width: 75px) 100vw, 75px\"><\/a><\/figure>\n<figure class=\"gallery-item\">\n\t\t\t\t<a data-elementor-open-lightbox=\"no\" data-elementor-lightbox-slideshow=\"89590cb\" href=\"https:\/\/kfz-service-tessmann.de\/wp-content\/uploads\/2018\/07\/20.jpg\"><img decoding=\"async\" loading=\"lazy\" width=\"75\" height=\"75\" src=\"https:\/\/kfz-service-tessmann.de\/wp-content\/uploads\/2018\/07\/20.jpg\" alt=\"\" srcset=\"https:\/\/kfz-service-tessmann.de\/wp-content\/uploads\/2018\/07\/20.jpg 356w, https:\/\/kfz-service-tessmann.de\/wp-content\/uploads\/2018\/07\/20-150x150.jpg 150w, https:\/\/kfz-service-tessmann.de\/wp-content\/uploads\/2018\/07\/20-300x300.jpg 300w\" sizes=\"(max-width: 75px) 100vw, 75px\"><\/a><\/figure>\n<figure class=\"gallery-item\">\n\t\t\t\t<a data-elementor-open-lightbox=\"no\" data-elementor-lightbox-slideshow=\"89590cb\" href=\"https:\/\/kfz-service-tessmann.de\/wp-content\/uploads\/2018\/07\/21.jpg\"><img decoding=\"async\" loading=\"lazy\" width=\"75\" height=\"75\" src=\"https:\/\/kfz-service-tessmann.de\/wp-content\/uploads\/2018\/07\/21.jpg\" alt=\"\" srcset=\"https:\/\/kfz-service-tessmann.de\/wp-content\/uploads\/2018\/07\/21.jpg 356w, https:\/\/kfz-service-tessmann.de\/wp-content\/uploads\/2018\/07\/21-150x150.jpg 150w, https:\/\/kfz-service-tessmann.de\/wp-content\/uploads\/2018\/07\/21-300x300.jpg 300w\" sizes=\"(max-width: 75px) 100vw, 75px\"><\/a><\/figure>\n<figure class=\"gallery-item\">\n\t\t\t\t<a data-elementor-open-lightbox=\"no\" data-elementor-lightbox-slideshow=\"89590cb\" href=\"https:\/\/kfz-service-tessmann.de\/wp-content\/uploads\/2018\/07\/4.jpg\"><img decoding=\"async\" loading=\"lazy\" width=\"75\" height=\"75\" src=\"https:\/\/kfz-service-tessmann.de\/wp-content\/uploads\/2018\/07\/4.jpg\" alt=\"\" srcset=\"https:\/\/kfz-service-tessmann.de\/wp-content\/uploads\/2018\/07\/4.jpg 359w, https:\/\/kfz-service-tessmann.de\/wp-content\/uploads\/2018\/07\/4-150x150.jpg 150w, https:\/\/kfz-service-tessmann.de\/wp-content\/uploads\/2018\/07\/4-300x300.jpg 300w\" sizes=\"(max-width: 75px) 100vw, 75px\"><\/a><\/figure>\n<figure class=\"gallery-item\">\n\t\t\t\t<a data-elementor-open-lightbox=\"no\" data-elementor-lightbox-slideshow=\"89590cb\" href=\"https:\/\/kfz-service-tessmann.de\/wp-content\/uploads\/2018\/07\/32.jpg\"><img decoding=\"async\" loading=\"lazy\" width=\"75\" height=\"75\" src=\"https:\/\/kfz-service-tessmann.de\/wp-content\/uploads\/2018\/07\/32.jpg\" alt=\"\" srcset=\"https:\/\/kfz-service-tessmann.de\/wp-content\/uploads\/2018\/07\/32.jpg 356w, https:\/\/kfz-service-tessmann.de\/wp-content\/uploads\/2018\/07\/32-150x150.jpg 150w, https:\/\/kfz-service-tessmann.de\/wp-content\/uploads\/2018\/07\/32-300x300.jpg 300w\" sizes=\"(max-width: 75px) 100vw, 75px\"><\/a><\/figure>\n<figure class=\"gallery-item\">\n\t\t\t\t<a data-elementor-open-lightbox=\"no\" data-elementor-lightbox-slideshow=\"89590cb\" href=\"https:\/\/kfz-service-tessmann.de\/wp-content\/uploads\/2018\/07\/3.jpg\"><img decoding=\"async\" loading=\"lazy\" width=\"75\" height=\"75\" src=\"https:\/\/kfz-service-tessmann.de\/wp-content\/uploads\/2018\/07\/3.jpg\" alt=\"\" srcset=\"https:\/\/kfz-service-tessmann.de\/wp-content\/uploads\/2018\/07\/3.jpg 356w, https:\/\/kfz-service-tessmann.de\/wp-content\/uploads\/2018\/07\/3-150x150.jpg 150w, https:\/\/kfz-service-tessmann.de\/wp-content\/uploads\/2018\/07\/3-300x300.jpg 300w\" sizes=\"(max-width: 75px) 100vw, 75px\"><\/a><\/figure>\n<figure class=\"gallery-item\">\n\t\t\t\t<a data-elementor-open-lightbox=\"no\" data-elementor-lightbox-slideshow=\"89590cb\" href=\"https:\/\/kfz-service-tessmann.de\/wp-content\/uploads\/2018\/07\/23.jpg\"><img decoding=\"async\" loading=\"lazy\" width=\"75\" height=\"75\" src=\"https:\/\/kfz-service-tessmann.de\/wp-content\/uploads\/2018\/07\/23.jpg\" alt=\"\" srcset=\"https:\/\/kfz-service-tessmann.de\/wp-content\/uploads\/2018\/07\/23.jpg 355w, https:\/\/kfz-service-tessmann.de\/wp-content\/uploads\/2018\/07\/23-150x150.jpg 150w, https:\/\/kfz-service-tessmann.de\/wp-content\/uploads\/2018\/07\/23-300x300.jpg 300w\" sizes=\"(max-width: 75px) 100vw, 75px\"><\/a><\/figure>\n<figure class=\"gallery-item\">\n\t\t\t\t<a data-elementor-open-lightbox=\"no\" data-elementor-lightbox-slideshow=\"89590cb\" href=\"https:\/\/kfz-service-tessmann.de\/wp-content\/uploads\/2018\/07\/22.jpg\"><img decoding=\"async\" loading=\"lazy\" width=\"75\" height=\"75\" src=\"https:\/\/kfz-service-tessmann.de\/wp-content\/uploads\/2018\/07\/22.jpg\" alt=\"\" srcset=\"https:\/\/kfz-service-tessmann.de\/wp-content\/uploads\/2018\/07\/22.jpg 356w, https:\/\/kfz-service-tessmann.de\/wp-content\/uploads\/2018\/07\/22-150x150.jpg 150w, https:\/\/kfz-service-tessmann.de\/wp-content\/uploads\/2018\/07\/22-300x300.jpg 300w\" sizes=\"(max-width: 75px) 100vw, 75px\"><\/a><\/figure>\n<figure class=\"gallery-item\">\n\t\t\t\t<a data-elementor-open-lightbox=\"no\" data-elementor-lightbox-slideshow=\"89590cb\" href=\"https:\/\/kfz-service-tessmann.de\/wp-content\/uploads\/2018\/07\/10.jpg\"><img decoding=\"async\" loading=\"lazy\" width=\"75\" height=\"75\" src=\"https:\/\/kfz-service-tessmann.de\/wp-content\/uploads\/2018\/07\/10.jpg\" alt=\"\" srcset=\"https:\/\/kfz-service-tessmann.de\/wp-content\/uploads\/2018\/07\/10.jpg 357w, https:\/\/kfz-service-tessmann.de\/wp-content\/uploads\/2018\/07\/10-150x150.jpg 150w, https:\/\/kfz-service-tessmann.de\/wp-content\/uploads\/2018\/07\/10-300x300.jpg 300w\" sizes=\"(max-width: 75px) 100vw, 75px\"><\/a><\/figure>\n<p><strong>Behindertengerechter Umbau<\/strong><\/p>\n<p style=\"text-align: justify;\">Wir arbeiten mit der franz\u00f6sischen Firma Charbonnier zusammen und bieten f\u00fcr unsere k\u00f6rperbehinderten Mitmenschen einen umfangreichen Umbauservice an, sowohl im Bereich der Fahrzeuge, als auch im Haus und Bad.<\/p>\n<p><strong>Quad \/ ATV<\/strong><\/p>\n<p style=\"text-align: justify;\">Seit dem Herbst 2011 haben wir unser Programm erweitert. Wir verkaufen Quad und ATV des Herstellers<br \/>\n&#8222;Explorer&#8220; und &#8222;CFMoto&#8220;. Neben Wartung und Service k\u00f6nnen Reparaturen aller Art durchgef\u00fchrt werden. Auch bei Fahrzeugen anderer Hersteller.<\/p>\n<p>N\u00e4here Infos finden Sie auf den Untermen\u00fcs zu diesen Themen.<\/p>\n","protected":false},"excerpt":{"rendered":"<p>Diese Leistungen erbringen wir f\u00fcr Sie Wir geh\u00f6ren zur Gruppe der Profiservice-Werkst\u00e4tten. Dieser Gruppe geh\u00f6ren alleine in Deutschland 800 Werkst\u00e4tten an, \u00fcber 4.000 mal in Europa &#8211; und daher mit [&hellip;]<\/p>\n","protected":false},"author":1,"featured_media":0,"parent":0,"menu_order":0,"comment_status":"closed","ping_status":"closed","template":"","meta":[],"_links":{"self":[{"href":"https:\/\/kfz-service-tessmann.de\/index.php\/wp-json\/wp\/v2\/pages\/50"}],"collection":[{"href":"https:\/\/kfz-service-tessmann.de\/index.php\/wp-json\/wp\/v2\/pages"}],"about":[{"href":"https:\/\/kfz-service-tessmann.de\/index.php\/wp-json\/wp\/v2\/types\/page"}],"author":[{"embeddable":true,"href":"https:\/\/kfz-service-tessmann.de\/index.php\/wp-json\/wp\/v2\/users\/1"}],"replies":[{"embeddable":true,"href":"https:\/\/kfz-service-tessmann.de\/index.php\/wp-json\/wp\/v2\/comments?post=50"}],"version-history":[{"count":70,"href":"https:\/\/kfz-service-tessmann.de\/index.php\/wp-json\/wp\/v2\/pages\/50\/revisions"}],"predecessor-version":[{"id":483,"href":"https:\/\/kfz-service-tessmann.de\/index.php\/wp-json\/wp\/v2\/pages\/50\/revisions\/483"}],"wp:attachment":[{"href":"https:\/\/kfz-service-tessmann.de\/index.php\/wp-json\/wp\/v2\/media?parent=50"}],"curies":[{"name":"wp","href":"https:\/\/api.w.org\/{rel}","templated":true}]}}