{"id":29,"date":"2018-07-13T01:47:09","date_gmt":"2018-07-12T23:47:09","guid":{"rendered":"https:\/\/kfz-service-tessmann.de\/?page_id=29"},"modified":"2018-07-13T21:24:51","modified_gmt":"2018-07-13T19:24:51","slug":"ueber-uns","status":"publish","type":"page","link":"https:\/\/kfz-service-tessmann.de\/index.php\/ueber-uns\/","title":{"rendered":"\u00dcber uns"},"content":{"rendered":"<h3 style=\"text-align: left;\"><strong>In eigener Sache<br \/>\n<\/strong><\/h3>\n<p style=\"text-align: justify;\">Wir sind ein freier und unabh\u00e4ngiger Kfz-Meisterbetrieb, der 1990 von Heinrich Sippel gegr\u00fcndet wurde. In 2006 wurde der Betrieb von Thomas Te\u00dfmann, der seit Beginn im Hause t\u00e4tig ist, \u00fcbernommen. Wir haben uns auf die Wartung und die Reparatur aller Fahrzeuge spezifiziert. In einer sich schnell wandelnden Branche helfen uns regelm\u00e4\u00dfig Schulungen dabei, immer auf dem aktuellen Stand zu bleiben und durch die qualifizierte Ausbildung unserer Lehrlinge behalten wir die Zukunft im Blick. Von der Inspektion \u00fcber HU\/AU durch staatlich bestellte Pr\u00fcfingenieure, bis hin zu unserer Mobilit\u00e4tsgarantie &#8211; unser Leistungsspektrum ist vielseitig und verl\u00e4sslich.<\/p>\n<p>Rufen Sie uns jetzt an und vereinbaren Sie mit uns einen Termin!<\/p>\n<p><strong>Mobilit\u00e4t<\/strong><br \/>\nIhre Mobilit\u00e4t ist uns wichtig.<\/p>\n<p>Ihr Auto f\u00e4hrt keinen Meter mehr ?<br \/>\nIhr Terminkalender ist voll ?<br \/>\nSie wohnen in unserem Umkreis ?<\/p>\n<p style=\"text-align: justify;\">Gerne holen und bringen wir Ihr Auto oder fahren Sie selbst nach der Autoabgabe nach Hause oder an Ihren Arbeitsplatz. Selbstverst\u00e4ndlich erhalten Sie nach einer Inspektion eine umfangreichende, europaweite Mobilit\u00e4tsgarantie, die u.a. Pannenhilfe, Abschleppen, Fahrzeugr\u00fcckholung und vieles mehr abdeckt.<\/p>\n<p><strong>Reparaturfinanzierung<\/strong><\/p>\n<p style=\"text-align: justify;\">Als Mitglied der Profi-Service Werkst\u00e4tten bieten wir eine Reparaturfinanzierung in Zusammenarbeit mit der Commerz Finanz an. F\u00fcr n\u00e4here Ausk\u00fcnfte diesbez\u00fcglich stehen wir Ihnen gern zur Verf\u00fcgung.<\/p>\n","protected":false},"excerpt":{"rendered":"<p>In eigener Sache Wir sind ein freier und unabh\u00e4ngiger Kfz-Meisterbetrieb, der 1990 von Heinrich Sippel gegr\u00fcndet wurde. In 2006 wurde der Betrieb von Thomas Te\u00dfmann, der seit Beginn im Hause [&hellip;]<\/p>\n","protected":false},"author":1,"featured_media":0,"parent":0,"menu_order":2,"comment_status":"closed","ping_status":"closed","template":"","meta":[],"_links":{"self":[{"href":"https:\/\/kfz-service-tessmann.de\/index.php\/wp-json\/wp\/v2\/pages\/29"}],"collection":[{"href":"https:\/\/kfz-service-tessmann.de\/index.php\/wp-json\/wp\/v2\/pages"}],"about":[{"href":"https:\/\/kfz-service-tessmann.de\/index.php\/wp-json\/wp\/v2\/types\/page"}],"author":[{"embeddable":true,"href":"https:\/\/kfz-service-tessmann.de\/index.php\/wp-json\/wp\/v2\/users\/1"}],"replies":[{"embeddable":true,"href":"https:\/\/kfz-service-tessmann.de\/index.php\/wp-json\/wp\/v2\/comments?post=29"}],"version-history":[{"count":5,"href":"https:\/\/kfz-service-tessmann.de\/index.php\/wp-json\/wp\/v2\/pages\/29\/revisions"}],"predecessor-version":[{"id":292,"href":"https:\/\/kfz-service-tessmann.de\/index.php\/wp-json\/wp\/v2\/pages\/29\/revisions\/292"}],"wp:attachment":[{"href":"https:\/\/kfz-service-tessmann.de\/index.php\/wp-json\/wp\/v2\/media?parent=29"}],"curies":[{"name":"wp","href":"https:\/\/api.w.org\/{rel}","templated":true}]}}